{"id":20,"date":"2026-02-22T00:37:30","date_gmt":"2026-02-21T23:37:30","guid":{"rendered":"https:\/\/wersjab.pl\/?page_id=20"},"modified":"2026-02-24T01:02:07","modified_gmt":"2026-02-24T00:02:07","slug":"formularz","status":"publish","type":"page","link":"https:\/\/wersjab.pl\/?page_id=20","title":{"rendered":"formularz"},"content":{"rendered":"\t\t<div data-elementor-type=\"wp-page\" data-elementor-id=\"20\" class=\"elementor elementor-20\">\n\t\t\t\t<div class=\"elementor-element elementor-element-e51c890 e-flex e-con-boxed e-con e-parent\" data-id=\"e51c890\" data-element_type=\"container\" data-e-type=\"container\">\n\t\t\t\t\t<div class=\"e-con-inner\">\n\t\t\t\t<div class=\"elementor-element elementor-element-5180422 elementor-widget elementor-widget-wpforms\" data-id=\"5180422\" data-element_type=\"widget\" data-e-type=\"widget\" data-widget_type=\"wpforms.default\">\n\t\t\t\t<div class=\"elementor-widget-container\">\n\t\t\t\t\t<style id=\"wpforms-css-vars-elementor-widget-5180422\">\n\t\t\t\t.elementor-widget-wpforms.elementor-element-5180422 {\n\t\t\t\t--wpforms-button-background-color: #0C11E2;\n\t\t\t}\n\t\t\t<\/style><div class=\"wpforms-container wpforms-container-full wpforms-form  animation fadeIn 06s ease-in  keyframes from opacity 0 transform translateY10px to 1 translateY0 wpforms-render-modern\" id=\"wpforms-25\"><form id=\"wpforms-form-25\" class=\"wpforms-validate wpforms-form wpforms-ajax-form\" data-formid=\"25\" method=\"post\" enctype=\"multipart\/form-data\" action=\"\/index.php?rest_route=%2Fwp%2Fv2%2Fpages%2F20\" data-token=\"dafd42062fbc3e36af66d52d1baa4ea6\" data-token-time=\"1776687821\"><div class=\"wpforms-head-container\"><div class=\"wpforms-title\">Formularz cz\u0142onkostwa do fitness klubu &#039;ActiveFlow&#039;<\/div><\/div><noscript class=\"wpforms-error-noscript\">Aby wype\u0142ni\u0107 ten formularz, w\u0142\u0105cz obs\u0142ug\u0119 JavaScript w przegl\u0105darce.<\/noscript><div id=\"wpforms-error-noscript\" style=\"display: none;\">Aby wype\u0142ni\u0107 ten formularz, w\u0142\u0105cz obs\u0142ug\u0119 JavaScript w przegl\u0105darce.<\/div><div class=\"wpforms-field-container\"><div id=\"wpforms-25-field_2-container\" class=\"wpforms-field wpforms-field-name wpforms-form inputfocus selectfocus textareafocus border 2px solid 2ecc71 box-shadow 8px rgba46 204 113 04 transition all 03s ease\" data-field-id=\"2\"><fieldset><legend class=\"wpforms-field-label\">Imi\u0119 i nazwisko <span class=\"wpforms-required-label\" aria-hidden=\"true\">*<\/span><\/legend><div class=\"wpforms-field-row wpforms-field-large\"><div class=\"wpforms-field-row-block wpforms-first wpforms-one-half\"><input type=\"text\" id=\"wpforms-25-field_2\" class=\"wpforms-field-name-first wpforms-field-required\" name=\"wpforms[fields][2][first]\" placeholder=\"np. Jan\" aria-errormessage=\"wpforms-25-field_2-error\" required><label for=\"wpforms-25-field_2\" class=\"wpforms-field-sublabel after wpforms-sublabel-hide\">Pierwszy<\/label><\/div><div class=\"wpforms-field-row-block wpforms-one-half\"><input type=\"text\" id=\"wpforms-25-field_2-last\" class=\"wpforms-field-name-last wpforms-field-required\" name=\"wpforms[fields][2][last]\" placeholder=\"np. Kowalski\" aria-errormessage=\"wpforms-25-field_2-last-error\" required><label for=\"wpforms-25-field_2-last\" class=\"wpforms-field-sublabel after wpforms-sublabel-hide\">Ostatni<\/label><\/div><\/div><\/fieldset><\/div><div id=\"wpforms-25-field_3-container\" class=\"wpforms-field wpforms-field-email wpforms-form inputfocus selectfocus textareafocus border 2px solid 2ecc71 box-shadow 8px rgba46 204 113 04 transition all 03s ease\" data-field-id=\"3\"><label class=\"wpforms-field-label\" for=\"wpforms-25-field_3\">Adres e-mail <span class=\"wpforms-required-label\" aria-hidden=\"true\">*<\/span><\/label><input type=\"email\" id=\"wpforms-25-field_3\" class=\"wpforms-field-large wpforms-field-required\" name=\"wpforms[fields][3]\" placeholder=\"np. jankowalski@gmail.com\" spellcheck=\"false\" aria-errormessage=\"wpforms-25-field_3-error\" required><\/div>\t\t<div id=\"wpforms-25-field_1-container\"\n\t\t\tclass=\"wpforms-field wpforms-field-text\"\n\t\t\tdata-field-type=\"text\"\n\t\t\tdata-field-id=\"1\"\n\t\t\t>\n\t\t\t<label class=\"wpforms-field-label\" for=\"wpforms-25-field_1\" >Opowiedz e-mail nazwisko<\/label>\n\t\t\t<input type=\"text\" id=\"wpforms-25-field_1\" class=\"wpforms-field-medium\" name=\"wpforms[fields][1]\" >\n\t\t<\/div>\n\t\t<div id=\"wpforms-25-field_4-container\" class=\"wpforms-field wpforms-field-text wpforms-form inputfocus selectfocus textareafocus border 2px solid 2ecc71 box-shadow 8px rgba46 204 113 04 transition all 03s ease\" data-field-id=\"4\"><label class=\"wpforms-field-label\" for=\"wpforms-25-field_4\">Nr Telefonu <span class=\"wpforms-required-label\" aria-hidden=\"true\">*<\/span><\/label><input type=\"text\" id=\"wpforms-25-field_4\" class=\"wpforms-field-medium wpforms-field-required\" name=\"wpforms[fields][4]\" aria-errormessage=\"wpforms-25-field_4-error\" required><\/div><div id=\"wpforms-25-field_5-container\" class=\"wpforms-field wpforms-field-radio wpforms-form inputfocus selectfocus textareafocus border 2px solid 2ecc71 box-shadow 8px rgba46 204 113 04 transition all 03s ease\" data-field-id=\"5\"><fieldset><legend class=\"wpforms-field-label\">Wyb\u00f3r abonamentu cz\u0142onkowskiego <span class=\"wpforms-required-label\" aria-hidden=\"true\">*<\/span><\/legend><ul id=\"wpforms-25-field_5\" class=\"wpforms-field-required\"><li class=\"choice-1 depth-1\"><input type=\"radio\" id=\"wpforms-25-field_5_1\" name=\"wpforms[fields][5]\" value=\"1-no miesi\u0119czny okres\" aria-errormessage=\"wpforms-25-field_5_1-error\" required ><label class=\"wpforms-field-label-inline\" for=\"wpforms-25-field_5_1\">1-no miesi\u0119czny okres<\/label><\/li><li class=\"choice-2 depth-1\"><input type=\"radio\" id=\"wpforms-25-field_5_2\" name=\"wpforms[fields][5]\" value=\"6-cio miesi\u0119czny okres\" aria-errormessage=\"wpforms-25-field_5_2-error\" required ><label class=\"wpforms-field-label-inline\" for=\"wpforms-25-field_5_2\">6-cio miesi\u0119czny okres<\/label><\/li><li class=\"choice-3 depth-1\"><input type=\"radio\" id=\"wpforms-25-field_5_3\" name=\"wpforms[fields][5]\" value=\"1-no roczny okres\" aria-errormessage=\"wpforms-25-field_5_3-error\" required ><label class=\"wpforms-field-label-inline\" for=\"wpforms-25-field_5_3\">1-no roczny okres<\/label><\/li><\/ul><\/fieldset><\/div><div id=\"wpforms-25-field_6-container\" class=\"wpforms-field wpforms-field-textarea wpforms-form inputfocus selectfocus textareafocus border 2px solid 2ecc71 box-shadow 8px rgba46 204 113 04 transition all 03s ease\" data-field-id=\"6\"><label class=\"wpforms-field-label\" for=\"wpforms-25-field_6\">Opowiedz nam o sobie<\/label><textarea id=\"wpforms-25-field_6\" class=\"wpforms-field-medium\" name=\"wpforms[fields][6]\" placeholder=\"Je\u015bli chcesz, aby\u015bmy ci\u0119 lepiej poznali...\" aria-errormessage=\"wpforms-25-field_6-error\" ><\/textarea><\/div><script>\n\t\t\t\t( function() {\n\t\t\t\t\tconst style = document.createElement( 'style' );\n\t\t\t\t\tstyle.appendChild( document.createTextNode( '#wpforms-25-field_1-container { position: absolute !important; overflow: hidden !important; display: inline !important; height: 1px !important; width: 1px !important; z-index: -1000 !important; padding: 0 !important; } #wpforms-25-field_1-container input { visibility: hidden; } #wpforms-conversational-form-page #wpforms-25-field_1-container label { counter-increment: none; }' ) );\n\t\t\t\t\tdocument.head.appendChild( style );\n\t\t\t\t\tdocument.currentScript?.remove();\n\t\t\t\t} )();\n\t\t\t<\/script><\/div><!-- .wpforms-field-container --><div class=\"wpforms-submit-container\" ><input type=\"hidden\" name=\"wpforms[id]\" value=\"25\"><input type=\"hidden\" name=\"page_title\" value=\"\"><input type=\"hidden\" name=\"page_url\" value=\"https:\/\/wersjab.pl\/index.php?rest_route=\/wp\/v2\/pages\/20\"><input type=\"hidden\" name=\"url_referer\" value=\"\"><button type=\"submit\" name=\"wpforms[submit]\" id=\"wpforms-submit-25\" class=\"wpforms-submit\" data-alt-text=\"Wysy\u0142anie...\" data-submit-text=\"Wy\u015blij formularz\" aria-live=\"assertive\" value=\"wpforms-submit\">Wy\u015blij formularz<\/button><img decoding=\"async\" src=\"https:\/\/wersjab.pl\/wp-content\/plugins\/wpforms-lite\/assets\/images\/submit-spin.svg\" class=\"wpforms-submit-spinner\" style=\"display: none;\" width=\"26\" height=\"26\" alt=\"Wczytywanie\"><\/div><\/form><\/div>  <!-- .wpforms-container -->\t\t\t\t<\/div>\n\t\t\t\t<\/div>\n\t\t\t\t\t<\/div>\n\t\t\t\t<\/div>\n\t\t\t\t<\/div>\n\t\t","protected":false},"excerpt":{"rendered":"<p>Zg\u0142oszenie cz\u0142onkostwa do fitness klubu &#039;No Pain No Gain&#039;Aby wype\u0142ni\u0107 ten formularz, w\u0142\u0105cz obs\u0142ug\u0119 JavaScript w przegl\u0105darce.Aby wype\u0142ni\u0107 ten formularz, w\u0142\u0105cz obs\u0142ug\u0119 JavaScript w przegl\u0105darce. Imi\u0119 i nazwisko * PierwszyOstatni Adres e-mail *Nr Telefonu * Wyb\u00f3r abonamentu cz\u0142onkowskiego * 1-no miesi\u0119czny okres 6-cio miesi\u0119czny okres 1-no roczny okres Opowiedz nam o sobie Wy\u015blij formularz<\/p>\n","protected":false},"author":1,"featured_media":0,"parent":14,"menu_order":0,"comment_status":"closed","ping_status":"closed","template":"elementor_canvas","meta":{"footnotes":""},"class_list":["post-20","page","type-page","status-publish","hentry"],"_links":{"self":[{"href":"https:\/\/wersjab.pl\/index.php?rest_route=\/wp\/v2\/pages\/20","targetHints":{"allow":["GET"]}}],"collection":[{"href":"https:\/\/wersjab.pl\/index.php?rest_route=\/wp\/v2\/pages"}],"about":[{"href":"https:\/\/wersjab.pl\/index.php?rest_route=\/wp\/v2\/types\/page"}],"author":[{"embeddable":true,"href":"https:\/\/wersjab.pl\/index.php?rest_route=\/wp\/v2\/users\/1"}],"replies":[{"embeddable":true,"href":"https:\/\/wersjab.pl\/index.php?rest_route=%2Fwp%2Fv2%2Fcomments&post=20"}],"version-history":[{"count":13,"href":"https:\/\/wersjab.pl\/index.php?rest_route=\/wp\/v2\/pages\/20\/revisions"}],"predecessor-version":[{"id":111,"href":"https:\/\/wersjab.pl\/index.php?rest_route=\/wp\/v2\/pages\/20\/revisions\/111"}],"up":[{"embeddable":true,"href":"https:\/\/wersjab.pl\/index.php?rest_route=\/wp\/v2\/pages\/14"}],"wp:attachment":[{"href":"https:\/\/wersjab.pl\/index.php?rest_route=%2Fwp%2Fv2%2Fmedia&parent=20"}],"curies":[{"name":"wp","href":"https:\/\/api.w.org\/{rel}","templated":true}]}}